{"id":155,"date":"2012-04-14T14:21:16","date_gmt":"2012-04-14T13:21:16","guid":{"rendered":"http:\/\/www.gaestehaus-klinger-tongisch.at\/?page_id=155"},"modified":"2022-04-21T18:21:48","modified_gmt":"2022-04-21T17:21:48","slug":"heuriger","status":"publish","type":"page","link":"http:\/\/www.gaestehaus-klinger-tongisch.at\/?page_id=155","title":{"rendered":"Heuriger"},"content":{"rendered":"\n<figure class=\"wp-block-image alignwide size-large\"><a href=\"http:\/\/www.gaestehaus-klinger-tongisch.at\/wp-content\/uploads\/718450a1-42c0-405f-a206-e8cfc72ea143-2.jpeg\"><img loading=\"lazy\" decoding=\"async\" width=\"1024\" height=\"513\" src=\"http:\/\/www.gaestehaus-klinger-tongisch.at\/wp-content\/uploads\/718450a1-42c0-405f-a206-e8cfc72ea143-2-1024x513.jpeg\" alt=\"\" class=\"wp-image-625\" srcset=\"http:\/\/www.gaestehaus-klinger-tongisch.at\/wp-content\/uploads\/718450a1-42c0-405f-a206-e8cfc72ea143-2-1024x513.jpeg 1024w, http:\/\/www.gaestehaus-klinger-tongisch.at\/wp-content\/uploads\/718450a1-42c0-405f-a206-e8cfc72ea143-2-300x150.jpeg 300w, http:\/\/www.gaestehaus-klinger-tongisch.at\/wp-content\/uploads\/718450a1-42c0-405f-a206-e8cfc72ea143-2-768x385.jpeg 768w, http:\/\/www.gaestehaus-klinger-tongisch.at\/wp-content\/uploads\/718450a1-42c0-405f-a206-e8cfc72ea143-2.jpeg 1534w\" sizes=\"auto, (max-width: 1024px) 100vw, 1024px\" \/><\/a><\/figure>\n\n\n\n<p class=\"has-dark-brown-color has-off-white-background-color has-text-color has-background has-medium-font-size\">In unserem gem\u00fctlich gestalteten Heurigenlokal verw\u00f6hnen wir Sie mit bodenst\u00e4ndigen aber feinen, regionalen Spezialit\u00e4ten sowie ausgezeichneten Weinen. <br><br>Verbringen Sie sch\u00f6ne Abende bei Kerzenschein und genie\u00dfen Sie die Apetloner Gastfreundschaft.<\/p>\n","protected":false},"excerpt":{"rendered":"<p>In unserem gem\u00fctlich gestalteten Heurigenlokal verw\u00f6hnen wir Sie mit bodenst\u00e4ndigen aber feinen, regionalen Spezialit\u00e4ten sowie ausgezeichneten Weinen. Verbringen Sie sch\u00f6ne Abende bei Kerzenschein und genie\u00dfen Sie die Apetloner Gastfreundschaft.<\/p>\n","protected":false},"author":1,"featured_media":0,"parent":0,"menu_order":0,"comment_status":"closed","ping_status":"closed","template":"","meta":{"footnotes":""},"class_list":["post-155","page","type-page","status-publish","hentry","entry"],"_links":{"self":[{"href":"http:\/\/www.gaestehaus-klinger-tongisch.at\/index.php?rest_route=\/wp\/v2\/pages\/155","targetHints":{"allow":["GET"]}}],"collection":[{"href":"http:\/\/www.gaestehaus-klinger-tongisch.at\/index.php?rest_route=\/wp\/v2\/pages"}],"about":[{"href":"http:\/\/www.gaestehaus-klinger-tongisch.at\/index.php?rest_route=\/wp\/v2\/types\/page"}],"author":[{"embeddable":true,"href":"http:\/\/www.gaestehaus-klinger-tongisch.at\/index.php?rest_route=\/wp\/v2\/users\/1"}],"replies":[{"embeddable":true,"href":"http:\/\/www.gaestehaus-klinger-tongisch.at\/index.php?rest_route=%2Fwp%2Fv2%2Fcomments&post=155"}],"version-history":[{"count":11,"href":"http:\/\/www.gaestehaus-klinger-tongisch.at\/index.php?rest_route=\/wp\/v2\/pages\/155\/revisions"}],"predecessor-version":[{"id":626,"href":"http:\/\/www.gaestehaus-klinger-tongisch.at\/index.php?rest_route=\/wp\/v2\/pages\/155\/revisions\/626"}],"wp:attachment":[{"href":"http:\/\/www.gaestehaus-klinger-tongisch.at\/index.php?rest_route=%2Fwp%2Fv2%2Fmedia&parent=155"}],"curies":[{"name":"wp","href":"https:\/\/api.w.org\/{rel}","templated":true}]}}