{"id":42,"date":"2012-03-26T20:04:04","date_gmt":"2012-03-26T19:04:04","guid":{"rendered":"http:\/\/localhost\/site\/?page_id=42"},"modified":"2026-01-04T10:16:14","modified_gmt":"2026-01-04T09:16:14","slug":"zimmer","status":"publish","type":"page","link":"http:\/\/www.gaestehaus-klinger-tongisch.at\/?page_id=42","title":{"rendered":"Zimmer"},"content":{"rendered":"\n<figure class=\"wp-block-image alignwide size-full\"><a href=\"http:\/\/www.gaestehaus-klinger-tongisch.at\/wp-content\/uploads\/DSC_0859-Klein-2.jpg\"><img loading=\"lazy\" decoding=\"async\" width=\"1024\" height=\"503\" src=\"http:\/\/www.gaestehaus-klinger-tongisch.at\/wp-content\/uploads\/DSC_0859-Klein-2.jpg\" alt=\"\" class=\"wp-image-621\" srcset=\"http:\/\/www.gaestehaus-klinger-tongisch.at\/wp-content\/uploads\/DSC_0859-Klein-2.jpg 1024w, http:\/\/www.gaestehaus-klinger-tongisch.at\/wp-content\/uploads\/DSC_0859-Klein-2-300x147.jpg 300w, http:\/\/www.gaestehaus-klinger-tongisch.at\/wp-content\/uploads\/DSC_0859-Klein-2-768x377.jpg 768w\" sizes=\"auto, (max-width: 1024px) 100vw, 1024px\" \/><\/a><\/figure>\n\n\n\n<p class=\"has-dark-brown-color has-off-white-background-color has-text-color has-background has-medium-font-size\">Modern eingerichtet und mit 4-Sonnen-Komfort ausgestattet, f\u00fchlen Sie sich in den neu renovierten Zimmern im G\u00e4stehaus Klinger bald wie zu Hause.<br><br><strong>Ausstattung: <\/strong><br><em>Boxspringbetten<\/em><br><em>Dusche \/ WC<\/em><br><em>F\u00f6n<\/em><br><em>Klimaanlage<\/em><br><em>Flat-TV mit Kabel-Anschluss<\/em><br><em>gratis WLAN<\/em><br> <br>Preise: \u20ac 52,- bis \u20ac 60,- pro Person\/Nacht inkl. Fr\u00fchst\u00fcck <br>Kindererm\u00e4\u00dfigung auf Anfrage. <br> <br>Die Preise verstehen sich exkl. Ortstaxe \u20ac 4,50 pro Person\/Nacht. <br><\/p>\n\n\n\n<p class=\"has-dark-brown-color has-off-white-background-color has-text-color has-background\"><br>Stornobedingungen gem\u00e4\u00df \u00d6sterreichische Hotelvereinigung.<\/p>\n","protected":false},"excerpt":{"rendered":"<p>Modern eingerichtet und mit 4-Sonnen-Komfort ausgestattet, f\u00fchlen Sie sich in den neu renovierten Zimmern im G\u00e4stehaus Klinger bald wie zu Hause. Ausstattung: BoxspringbettenDusche \/ WCF\u00f6nKlimaanlageFlat-TV mit Kabel-Anschlussgratis WLAN Preise: \u20ac 52,- bis \u20ac 60,- pro Person\/Nacht inkl. Fr\u00fchst\u00fcck Kindererm\u00e4\u00dfigung auf Anfrage. Die Preise verstehen sich exkl. Ortstaxe \u20ac 4,50 pro Person\/Nacht. Stornobedingungen gem\u00e4\u00df \u00d6sterreichische Hotelvereinigung.<\/p>\n","protected":false},"author":1,"featured_media":0,"parent":0,"menu_order":4,"comment_status":"closed","ping_status":"closed","template":"","meta":{"footnotes":""},"class_list":["post-42","page","type-page","status-publish","hentry","entry"],"_links":{"self":[{"href":"http:\/\/www.gaestehaus-klinger-tongisch.at\/index.php?rest_route=\/wp\/v2\/pages\/42","targetHints":{"allow":["GET"]}}],"collection":[{"href":"http:\/\/www.gaestehaus-klinger-tongisch.at\/index.php?rest_route=\/wp\/v2\/pages"}],"about":[{"href":"http:\/\/www.gaestehaus-klinger-tongisch.at\/index.php?rest_route=\/wp\/v2\/types\/page"}],"author":[{"embeddable":true,"href":"http:\/\/www.gaestehaus-klinger-tongisch.at\/index.php?rest_route=\/wp\/v2\/users\/1"}],"replies":[{"embeddable":true,"href":"http:\/\/www.gaestehaus-klinger-tongisch.at\/index.php?rest_route=%2Fwp%2Fv2%2Fcomments&post=42"}],"version-history":[{"count":43,"href":"http:\/\/www.gaestehaus-klinger-tongisch.at\/index.php?rest_route=\/wp\/v2\/pages\/42\/revisions"}],"predecessor-version":[{"id":716,"href":"http:\/\/www.gaestehaus-klinger-tongisch.at\/index.php?rest_route=\/wp\/v2\/pages\/42\/revisions\/716"}],"wp:attachment":[{"href":"http:\/\/www.gaestehaus-klinger-tongisch.at\/index.php?rest_route=%2Fwp%2Fv2%2Fmedia&parent=42"}],"curies":[{"name":"wp","href":"https:\/\/api.w.org\/{rel}","templated":true}]}}