{"id":44,"date":"2012-03-26T20:04:16","date_gmt":"2012-03-26T19:04:16","guid":{"rendered":"http:\/\/localhost\/site\/?page_id=44"},"modified":"2022-02-11T19:15:02","modified_gmt":"2022-02-11T18:15:02","slug":"impressum-2","status":"publish","type":"page","link":"http:\/\/www.gaestehaus-klinger-tongisch.at\/?page_id=44","title":{"rendered":"Impressum"},"content":{"rendered":"<hr \/>\n<h2 style=\"text-align: right;\"><strong>G\u00e4stehaus Klinger-Tongisch<\/strong><\/h2>\n<p style=\"text-align: right;\">Erna und Herbert Klinger<\/p>\n<p style=\"text-align: right;\">Wasserzeile 3<\/p>\n<p style=\"text-align: right;\">7143 Apetlon<\/p>\n<p style=\"text-align: right;\">T: +43 (0) 2175 \/2375<\/p>\n<p style=\"text-align: right;\">F: +43 (0) 2175 \/2375<\/p>\n<p style=\"text-align: right;\"><input src=\"wp-content\/uploads\/email-tongisch.png\" type=\"image\" \/><\/p>\n<div class='dsgvoaio_policy_shortcode'><h2>Datenschutzerkl\u00e4rung und Einwilligungen<\/h2>\n<p><b>Inhaltsverzeichnis<\/b><\/p>\n<ul>\n<li>1. Zielsetzung und verantwortliche Stelle<\/li>\n<li>2. Grunds\u00e4tzliche Angaben zur Datenverarbeitung<\/li>\n<li>3. Verarbeitung personenbezogener Daten<\/li>\n<li>4. Erhebung von Zugriffsdaten<\/li>\n<li>5. Cookies &amp; Reichweitenmessung<\/li>\n<li>6. Einbindung von Diensten und Inhalten Dritter<\/li>\n<li>7. \u00c4nderungen der Datenschutzerkl\u00e4rung<\/li>\n<\/ul>\n<p><br class=\"blank\" \/><b>1. Zielsetzung und verantwortliche Stelle<\/b><br class=\"blank\" \/>Diese Datenschutzerkl\u00e4rung kl\u00e4rt \u00fcber die Art, den Umfang und Zweck der Verarbeitung (u.a. Erhebung, Verarbeitung und Nutzung sowie Einholung von Einwilligungen) von personenbezogenen Daten innerhalb unseres Onlineangebotes und der mit ihm verbundenen Webseiten, Funktionen und Inhalte (nachfolgend gemeinsam bezeichnet als \"Onlineangebot\" oder \"Website\") auf. Die Datenschutzerkl\u00e4rung gilt unabh\u00e4ngig von den verwendeten Domains, Systemen, Plattformen und Ger\u00e4ten (z.B. Desktop oder Mobile) auf denen das Onlineangebot ausgef\u00fchrt wird.<br class=\"blank\" \/><br class=\"blank\" \/>Anbieter des Onlineangebotes und die datenschutzrechtlich verantwortliche Stelle ist [company_name], Inhaber: [company_owner], [adress_street], [adress_zip_location] (nachfolgend bezeichnet als \"AnbieterIn\", \"wir\" oder \"uns\"). F\u00fcr die Kontaktm\u00f6glichkeiten verweisen wir auf unser Impressum<br class=\"blank\" \/><br class=\"blank\" \/>Der Begriff \"Nutzer\" umfasst alle Kunden und Besucher unseres Onlineangebotes. Die verwendeten Begrifflichkeiten, wie z.B. \"Nutzer\" sind geschlechtsneutral zu verstehen.<br class=\"blank\" \/><br class=\"blank\" \/><b>2. Grunds\u00e4tzliche Angaben zur Datenverarbeitung<\/b><br class=\"blank\" \/>Wir verarbeiten personenbezogene Daten der Nutzer nur unter Einhaltung der einschl\u00e4gigen Datenschutzbestimmungen entsprechend den Geboten der Datensparsamkeit- und Datenvermeidung. Das bedeutet die Daten der Nutzer werden nur beim Vorliegen einer gesetzlichen Erlaubnis, insbesondere wenn die Daten zur Erbringung unserer vertraglichen Leistungen sowie Online-Services erforderlich, bzw. gesetzlich vorgeschrieben sind oder beim Vorliegen einer Einwilligung verarbeitet.<br class=\"blank\" \/><br class=\"blank\" \/>Wir treffen organisatorische, vertragliche und technische Sicherheitsma\u00dfnahmen entsprechend dem Stand der Technik, um sicher zu stellen, dass die Vorschriften der Datenschutzgesetze eingehalten werden und um damit die durch uns verarbeiteten Daten gegen zuf\u00e4llige oder vors\u00e4tzliche Manipulationen, Verlust, Zerst\u00f6rung oder gegen den Zugriff unberechtigter Personen zu sch\u00fctzen.<br class=\"blank\" \/><br class=\"blank\" \/>Sofern im Rahmen dieser Datenschutzerkl\u00e4rung Inhalte, Werkzeuge oder sonstige Mittel von anderen Anbietern (nachfolgend gemeinsam bezeichnet als \"Dritt-Anbieter\") eingesetzt werden und deren genannter Sitz im Ausland ist, ist davon auszugehen, dass ein Datentransfer in die Sitzstaaten der Dritt-Anbieter stattfindet. Die \u00dcbermittlung von Daten in Drittstaaten erfolgt entweder auf Grundlage einer gesetzlichen Erlaubnis, einer Einwilligung der Nutzer oder spezieller Vertragsklauseln, die eine gesetzlich vorausgesetzte Sicherheit der Daten gew\u00e4hrleisten.<br class=\"blank\" \/><br class=\"blank\" \/><b>3. Verarbeitung personenbezogener Daten<\/b><br class=\"blank\" \/>Die personenbezogenen Daten werden, neben den ausdr\u00fccklich in dieser Datenschutzerkl\u00e4rung genannten Verwendung, f\u00fcr die folgenden Zwecke auf Grundlage gesetzlicher Erlaubnisse oder Einwilligungen der Nutzer verarbeitet:<br class=\"blank\" \/>- Die Zurverf\u00fcgungstellung, Ausf\u00fchrung, Pflege, Optimierung und Sicherung unserer Dienste-, Service- und Nutzerleistungen;<br class=\"blank\" \/>- Die Gew\u00e4hrleistung eines effektiven Kundendienstes und technischen Supports.<br class=\"blank\" \/><br class=\"blank\" \/>Wir \u00fcbermitteln die Daten der Nutzer an Dritte nur, wenn dies f\u00fcr Abrechnungszwecke notwendig ist (z.B. an einen Zahlungsdienstleister) oder f\u00fcr andere Zwecke, wenn diese notwendig sind, um unsere vertraglichen Verpflichtungen gegen\u00fcber den Nutzern zu erf\u00fcllen (z.B. Adressmitteilung an Lieferanten).<br \/>\n<br class=\"blank\" \/>Bei der Kontaktaufnahme mit uns (per Kontaktformular oder Email) werden die Angaben des Nutzers zwecks Bearbeitung der Anfrage sowie f\u00fcr den Fall, dass Anschlussfragen entstehen, gespeichert.<br class=\"blank\" \/>Personenbezogene Daten werden gel\u00f6scht, sofern sie ihren Verwendungszweck erf\u00fcllt haben und der L\u00f6schung keine Aufbewahrungspflichten entgegenstehen.<br class=\"blank\" \/><br class=\"blank\" \/><b>4. Erhebung von Zugriffsdaten<\/b><br class=\"blank\" \/>Wir erheben Daten \u00fcber jeden Zugriff auf den Server, auf dem sich dieser Dienst befindet (so genannte Serverlogfiles). Zu den Zugriffsdaten geh\u00f6ren Name der abgerufenen Webseite, Datei, Datum und Uhrzeit des Abrufs, \u00fcbertragene Datenmenge, Meldung \u00fcber erfolgreichen Abruf, Browsertyp nebst Version, das Betriebssystem des Nutzers, Referrer URL (die zuvor besuchte Seite), IP-Adresse und der anfragende Provider.<br class=\"blank\" \/><br class=\"blank\" \/>Wir verwenden die Protokolldaten ohne Zuordnung zur Person des Nutzers oder sonstiger Profilerstellung entsprechend den gesetzlichen Bestimmungen nur f\u00fcr statistische Auswertungen zum Zweck des Betriebs, der Sicherheit und der Optimierung unseres Onlineangebotes. Wir behalten uns jedoch vor, die Protokolldaten nachtr\u00e4glich zu \u00fcberpr\u00fcfen, wenn aufgrund konkreter Anhaltspunkte der berechtigte Verdacht einer rechtswidrigen Nutzung besteht.<br class=\"blank\" \/><br class=\"blank\" \/><b>5. Cookies &amp; Reichweitenmessung<\/b><br class=\"blank\" \/>Cookies sind Informationen, die von unserem Webserver oder Webservern Dritter an die Web-Browser der Nutzer \u00fcbertragen und dort f\u00fcr einen sp\u00e4teren Abruf gespeichert werden. \u00dcber den Einsatz von Cookies im Rahmen pseudonymer Reichweitenmessung werden die Nutzer im Rahmen dieser Datenschutzerkl\u00e4rung informiert.<br class=\"blank\" \/><br class=\"blank\" \/>Die Betrachtung dieses Onlineangebotes ist auch unter Ausschluss von Cookies m\u00f6glich. Falls die Nutzer nicht m\u00f6chten, dass Cookies auf ihrem Rechner gespeichert werden, werden sie gebeten die entsprechende Option in den Systemeinstellungen ihres Browsers zu deaktivieren. Gespeicherte Cookies k\u00f6nnen in den Systemeinstellungen des Browsers gel\u00f6scht werden. Der Ausschluss von Cookies kann zu Funktionseinschr\u00e4nkungen dieses Onlineangebotes f\u00fchren.<br class=\"blank\" \/><br class=\"blank\" \/>Es besteht die M\u00f6glichkeit, viele Online-Anzeigen-Cookies von Unternehmen \u00fcber die US-amerikanische Seite http:\/\/www.aboutads.info\/choices oder die EU-Seite http:\/\/www.youronlinechoices.com\/uk\/your-ad-choices\/ zu verwalten.<br class=\"blank\" \/><br class=\"blank\" \/><b>6. Einbindung von Diensten und Inhalten Dritter<\/b><br class=\"blank\" \/>Es kann vorkommen, dass innerhalb unseres Onlineangebotes Inhalte oder Dienste von Dritt-Anbietern, wie zum Beispiel Stadtpl\u00e4ne oder Schriftarten von anderen Webseiten eingebunden werden. Die Einbindung von Inhalten der Dritt-Anbieter setzt immer voraus, dass die Dritt-Anbieter die IP-Adresse der Nutzer wahrnehmen, da sie ohne die IP-Adresse die Inhalte nicht an den Browser der Nutzer senden k\u00f6nnten. Die IP-Adresse ist damit f\u00fcr die Darstellung dieser Inhalte erforderlich. Des Weiteren k\u00f6nnen die Anbieter der Dritt-Inhalte eigene Cookies setzen und die Daten der Nutzer f\u00fcr eigene Zwecke verarbeiten. Dabei k\u00f6nnen aus den verarbeiteten Daten Nutzungsprofile der Nutzer erstellt werden. Wir werden diese Inhalte m\u00f6glichst datensparsam und datenvermeidend einsetzen sowie im Hinblick auf die Datensicherheit zuverl\u00e4ssige Dritt-Anbieter w\u00e4hlen.<br class=\"blank\" \/><br class=\"blank\" \/>Die nachfolgende Darstellung bietet eine \u00dcbersicht von Dritt-Anbietern sowie ihrer Inhalte, nebst Links zu deren Datenschutzerkl\u00e4rungen, welche weitere Hinweise zur Verarbeitung von Daten und, z.T. bereits hier genannt, Widerspruchsm\u00f6glichkeiten (sog. Opt-Out) enthalten:<br class=\"blank\" \/><br class=\"blank\" \/>- Externe Schriftarten von Google, Inc., https:\/\/www.google.com\/fonts (\"Google Fonts\"). Die Einbindung der Google Fonts erfolgt durch einen Serveraufruf bei Google (in der Regel in den USA). Datenschutzerkl\u00e4rung: https:\/\/www.google.com\/policies\/privacy\/, Opt-Out: https:\/\/www.google.com\/settings\/ads\/.<br class=\"blank\" \/><br class=\"blank\" \/>- Landkarten des Dienstes \"Google Maps\" des Dritt-Anbieters Google Inc., 1600 Amphitheatre Parkway, Mountain View, CA 94043, USA, gestellt. Datenschutzerkl\u00e4rung: https:\/\/www.google.com\/policies\/privacy\/, Opt-Out: https:\/\/www.google.com\/settings\/ads\/.<br class=\"blank\" \/><br class=\"blank\" \/>- Videos der Plattform \"YouTube\" des Dritt-Anbieters Google Inc., 1600 Amphitheatre Parkway, Mountain View, CA 94043, USA. Datenschutzerkl\u00e4rung: https:\/\/www.google.com\/policies\/privacy\/, Opt-Out: https:\/\/www.google.com\/settings\/ads\/.<br class=\"blank\" \/><br class=\"blank\" \/><b>7. \u00c4nderungen der Datenschutzerkl\u00e4rung<\/b><br class=\"blank\" \/>Wir behalten uns vor, die Datenschutzerkl\u00e4rung zu \u00e4ndern, um sie an ge\u00e4nderte Rechtslagen, oder bei \u00c4nderungen des Dienstes sowie der Datenverarbeitung anzupassen. Dies gilt jedoch nur im Hinblick auf Erkl\u00e4rungen zur Datenverarbeitung. Sofern Einwilligungen der Nutzer erforderlich sind oder Bestandteile der Datenschutzerkl\u00e4rung Regelungen des Vertragsverh\u00e4ltnisses mit den Nutzern enthalten, erfolgen die \u00c4nderungen nur mit Zustimmung der Nutzer.<br class=\"blank\" \/>Die Nutzer werden gebeten sich regelm\u00e4\u00dfig \u00fcber den Inhalt der Datenschutzerkl\u00e4rung zu informieren.<br class=\"blank\" \/><br class=\"blank\" \/>Stand: [11.02.2022]<\/p>\n<h3>Allgemeine Cookies<\/h3>\n<p>Die nachfolgenden Cookies z\u00e4hlen zu den technisch notwendigen Cookies.<\/p>\n<p><b>Cookies von WordPress<\/b><\/p>\n<table style=\"width: 100%\">\n<tbody>\n<tr>\n<th>Name<\/th>\n<th>Zweck<\/th>\n<th>G\u00fcltigkeit<\/th>\n<\/tr>\n<tr>\n<td>wordpress_test_cookie<\/td>\n<td>Dieses Cookie ermittelt, ob die Verwendung von Cookies im Browser deaktiviert wurde. Speicherdauer: Bis zum Ende der Browsersitzung (wird beim Schlie\u00dfen Ihres Internet-Browsers gel\u00f6scht).<\/td>\n<td>Session<\/td>\n<\/tr>\n<tr>\n<td>PHPSESSID<\/td>\n<td>Dieses Cookie speichert Ihre aktuelle Sitzung mit Bezug auf PHP-Anwendungen und gew\u00e4hrleistet so, dass alle Funktionen dieser Website, die auf der PHP-Programmiersprache basieren, vollst\u00e4ndig angezeigt werden k\u00f6nnen. Speicherdauer: Bis zum Ende der Browsersitzung (wird beim Schlie\u00dfen Ihres Internet-Browsers gel\u00f6scht).<\/td>\n<td>Session<\/td>\n<\/tr>\n<tr>\n<td>wordpress_akm_mobile<\/td>\n<td>Diese Cookies werden nur f\u00fcr den Verwaltungsbereich von WordPress verwendet.<\/td>\n<td>1 Jahr<\/td>\n<\/tr>\n<tr>\n<td>wordpress_logged_in_akm_mobile<\/td>\n<td>Diese Cookies werden nur f\u00fcr den Verwaltungsbereich von WordPress verwendet und gelten f\u00fcr andere Seitenbesucher nicht.<\/td>\n<td>Session<\/td>\n<\/tr>\n<tr>\n<td>wp-settings-akm_mobile<\/td>\n<td>Diese Cookies werden nur f\u00fcr den Verwaltungsbereich von WordPress verwendet und gelten f\u00fcr andere Seitenbesucher nicht.<\/td>\n<td>Session<\/td>\n<\/tr>\n<tr>\n<td>wp-settings-time-akm_mobile<\/td>\n<td>Diese Cookies werden nur f\u00fcr den Verwaltungsbereich von WordPress verwendet und gelten f\u00fcr andere Seitenbesucher nicht.<\/td>\n<td>Session<\/td>\n<\/tr>\n<tr>\n<td>ab<\/td>\n<td>wird f\u00fcr A\/B-Tests von neuen Funktionen verwendet.<\/td>\n<td>Session<\/td>\n<\/tr>\n<tr>\n<td>akm_mobile<\/td>\n<td>speichert, ob der Besucher die Mobilversion einer Website angezeigt bekommen m\u00f6chte.<\/td>\n<td>1 Tag<\/td>\n<\/tr>\n<\/tbody>\n<\/table>\n<p><p><b>Cookies von DSGVO AIO for WordPress<\/b><\/p>\n<table style=\"width:100%\">\n<tr>\n<th>Name<\/th>\n<th>Zweck<\/th>\n<th>G\u00fcltigkeit<\/th>\n<\/tr>\n<tr>\n<td>dsgvoaio<\/td>\n<td>Dieser LocalStorage Key \/ Wert speichert welchen Diensten der Nutzer zugestimmt hat oder nicht.<\/td>\n<td>variabel<\/td>\n<\/tr>\n<tr>\n<td>_uniqueuid<\/td>\n<td>Dieser LocalStorage Key \/ Wert speichert eine generierte ID sodass die Opt-in \/ Opt-out Aktionen des Nutzers dokumentiert werden k\u00f6nnen. Die ID wird anonymisiert gespeichert.<\/td>\n<td>variabel<\/td>\n<\/tr>\n<tr>\n<td>dsgvoaio_create<\/td>\n<td>Dieser LocalStorage Key \/ Wert speichert den Zeitpunkt an dem _uniqueuid generiert wurde.<\/td>\n<td>variabel<\/td>\n<\/tr>\n<tr>\n<td>dsgvoaio_vgwort_disable<\/td>\n<td>Dieser LocalStorage Key \/ Wert speichert ob der Dienst VG Wort Standard zugelassen wird oder nicht (Einstellung des Seitenbetreibers).<\/td>\n<td>variabel<\/td>\n<\/tr>\n<tr>\n<td>dsgvoaio_ga_disable<\/td>\n<td>Dieser LocalStorage Key \/ Wert speichert ob der Dienst Google Analytics Standard zugelassen wird oder nicht (Einstellung des Seitenbetreibers).<\/td>\n<td>variabel<\/td>\n<\/tr>\n<\/table>\n<\/p>\n<\/div>\n","protected":false},"excerpt":{"rendered":"<p>G\u00e4stehaus Klinger-Tongisch Erna und Herbert Klinger Wasserzeile 3 7143 Apetlon T: +43 (0) 2175 \/2375 F: +43 (0) 2175 \/2375<\/p>\n","protected":false},"author":1,"featured_media":0,"parent":0,"menu_order":0,"comment_status":"closed","ping_status":"closed","template":"","meta":{"footnotes":""},"class_list":["post-44","page","type-page","status-publish","hentry","entry"],"_links":{"self":[{"href":"http:\/\/www.gaestehaus-klinger-tongisch.at\/index.php?rest_route=\/wp\/v2\/pages\/44","targetHints":{"allow":["GET"]}}],"collection":[{"href":"http:\/\/www.gaestehaus-klinger-tongisch.at\/index.php?rest_route=\/wp\/v2\/pages"}],"about":[{"href":"http:\/\/www.gaestehaus-klinger-tongisch.at\/index.php?rest_route=\/wp\/v2\/types\/page"}],"author":[{"embeddable":true,"href":"http:\/\/www.gaestehaus-klinger-tongisch.at\/index.php?rest_route=\/wp\/v2\/users\/1"}],"replies":[{"embeddable":true,"href":"http:\/\/www.gaestehaus-klinger-tongisch.at\/index.php?rest_route=%2Fwp%2Fv2%2Fcomments&post=44"}],"version-history":[{"count":20,"href":"http:\/\/www.gaestehaus-klinger-tongisch.at\/index.php?rest_route=\/wp\/v2\/pages\/44\/revisions"}],"predecessor-version":[{"id":606,"href":"http:\/\/www.gaestehaus-klinger-tongisch.at\/index.php?rest_route=\/wp\/v2\/pages\/44\/revisions\/606"}],"wp:attachment":[{"href":"http:\/\/www.gaestehaus-klinger-tongisch.at\/index.php?rest_route=%2Fwp%2Fv2%2Fmedia&parent=44"}],"curies":[{"name":"wp","href":"https:\/\/api.w.org\/{rel}","templated":true}]}}