{"id":2,"date":"2012-03-18T17:15:05","date_gmt":"2012-03-18T16:15:05","guid":{"rendered":"http:\/\/localhost\/site\/?page_id=2"},"modified":"2022-02-12T11:08:49","modified_gmt":"2022-02-12T10:08:49","slug":"home","status":"publish","type":"page","link":"https:\/\/www.gaestehaus-klinger-tongisch.at\/","title":{"rendered":"Home"},"content":{"rendered":"\n<figure class=\"wp-block-image alignwide\"><img loading=\"lazy\" decoding=\"async\" width=\"1024\" height=\"378\" src=\"http:\/\/www.gaestehaus-klinger-tongisch.at\/wp-content\/uploads\/DSC_0732-2-1024x378.jpg\" alt=\"\" class=\"wp-image-505\" srcset=\"https:\/\/www.gaestehaus-klinger-tongisch.at\/wp-content\/uploads\/DSC_0732-2-1024x378.jpg 1024w, https:\/\/www.gaestehaus-klinger-tongisch.at\/wp-content\/uploads\/DSC_0732-2-300x111.jpg 300w, https:\/\/www.gaestehaus-klinger-tongisch.at\/wp-content\/uploads\/DSC_0732-2-768x283.jpg 768w\" sizes=\"auto, (max-width: 1024px) 100vw, 1024px\" \/><\/figure>\n\n\n\n<p class=\"has-text-color has-background has-medium-font-size has-dark-brown-color has-off-white-background-color\">Herzlich willkommen in unserem famili\u00e4r gef\u00fchrten G\u00e4stehaus, wo Sie gelebte Gastlichkeit und burgenl\u00e4ndische Herzlichkeit erwartet. Nehmen Sie sich Zeit f\u00fcr sich und verbringen Sie erholsame Stunden in unseren neu renovierten G\u00e4stezimmern.<br> <br>Urlaub in APETLON &#8211; genie\u00dfen Sie die Ruhe und finden Sie Erholung. Radfahren mitten im Nationalpark, Schwimmen in den umliegenden Badeseen oder im Neusiedlersee, Reiten, Familienausfl\u00fcge, Kulturveranstaltungen oder traditionelle Veranstaltungen im Ort. Ein Urlaub bei uns ist ebenso facettenreich wie die unendliche Flora und Fauna der einzigartigen Naturlandschaft unserer Region. <br><br>Wir w\u00fcrden uns freuen, Sie bald bei uns begr\u00fc\u00dfen zu d\u00fcrfen.<\/p>\n","protected":false},"excerpt":{"rendered":"<p>Herzlich willkommen in unserem famili\u00e4r gef\u00fchrten G\u00e4stehaus, wo Sie gelebte Gastlichkeit und burgenl\u00e4ndische Herzlichkeit erwartet. Nehmen Sie sich Zeit f\u00fcr sich und verbringen Sie erholsame Stunden in unseren neu renovierten G\u00e4stezimmern. Urlaub in APETLON &#8211; genie\u00dfen Sie die Ruhe und finden Sie Erholung. Radfahren mitten im Nationalpark, Schwimmen in den umliegenden Badeseen oder im Neusiedlersee,&hellip; <a class=\"more-link\" href=\"https:\/\/www.gaestehaus-klinger-tongisch.at\/\"><span class=\"screen-reader-text\">Home<\/span> weiterlesen<\/a><\/p>\n","protected":false},"author":1,"featured_media":0,"parent":0,"menu_order":5,"comment_status":"closed","ping_status":"closed","template":"","meta":{"footnotes":""},"class_list":["post-2","page","type-page","status-publish","hentry","entry"],"_links":{"self":[{"href":"https:\/\/www.gaestehaus-klinger-tongisch.at\/index.php?rest_route=\/wp\/v2\/pages\/2","targetHints":{"allow":["GET"]}}],"collection":[{"href":"https:\/\/www.gaestehaus-klinger-tongisch.at\/index.php?rest_route=\/wp\/v2\/pages"}],"about":[{"href":"https:\/\/www.gaestehaus-klinger-tongisch.at\/index.php?rest_route=\/wp\/v2\/types\/page"}],"author":[{"embeddable":true,"href":"https:\/\/www.gaestehaus-klinger-tongisch.at\/index.php?rest_route=\/wp\/v2\/users\/1"}],"replies":[{"embeddable":true,"href":"https:\/\/www.gaestehaus-klinger-tongisch.at\/index.php?rest_route=%2Fwp%2Fv2%2Fcomments&post=2"}],"version-history":[{"count":31,"href":"https:\/\/www.gaestehaus-klinger-tongisch.at\/index.php?rest_route=\/wp\/v2\/pages\/2\/revisions"}],"predecessor-version":[{"id":610,"href":"https:\/\/www.gaestehaus-klinger-tongisch.at\/index.php?rest_route=\/wp\/v2\/pages\/2\/revisions\/610"}],"wp:attachment":[{"href":"https:\/\/www.gaestehaus-klinger-tongisch.at\/index.php?rest_route=%2Fwp%2Fv2%2Fmedia&parent=2"}],"curies":[{"name":"wp","href":"https:\/\/api.w.org\/{rel}","templated":true}]}}